{"id":28,"date":"2026-03-12T07:03:58","date_gmt":"2026-03-12T07:03:58","guid":{"rendered":"https:\/\/edit.besasstad.se\/?page_id=28"},"modified":"2026-03-12T07:03:58","modified_gmt":"2026-03-12T07:03:58","slug":"dodsbostadning-och-bohagstomning","status":"publish","type":"page","link":"https:\/\/edit.besasstad.se\/?page_id=28","title":{"rendered":"D\u00f6dsbost\u00e4dning och bohagst\u00f6mning"},"content":{"rendered":"","protected":false},"excerpt":{"rendered":"","protected":false},"author":1,"featured_media":0,"parent":0,"menu_order":0,"comment_status":"closed","ping_status":"closed","template":"","meta":{"footnotes":""},"class_list":["post-28","page","type-page","status-publish","hentry"],"_links":{"self":[{"href":"https:\/\/edit.besasstad.se\/index.php?rest_route=\/wp\/v2\/pages\/28","targetHints":{"allow":["GET"]}}],"collection":[{"href":"https:\/\/edit.besasstad.se\/index.php?rest_route=\/wp\/v2\/pages"}],"about":[{"href":"https:\/\/edit.besasstad.se\/index.php?rest_route=\/wp\/v2\/types\/page"}],"author":[{"embeddable":true,"href":"https:\/\/edit.besasstad.se\/index.php?rest_route=\/wp\/v2\/users\/1"}],"replies":[{"embeddable":true,"href":"https:\/\/edit.besasstad.se\/index.php?rest_route=%2Fwp%2Fv2%2Fcomments&post=28"}],"version-history":[{"count":1,"href":"https:\/\/edit.besasstad.se\/index.php?rest_route=\/wp\/v2\/pages\/28\/revisions"}],"predecessor-version":[{"id":29,"href":"https:\/\/edit.besasstad.se\/index.php?rest_route=\/wp\/v2\/pages\/28\/revisions\/29"}],"wp:attachment":[{"href":"https:\/\/edit.besasstad.se\/index.php?rest_route=%2Fwp%2Fv2%2Fmedia&parent=28"}],"curies":[{"name":"wp","href":"https:\/\/api.w.org\/{rel}","templated":true}]}}